{"id":29813,"date":"2021-10-04T09:44:20","date_gmt":"2021-10-04T07:44:20","guid":{"rendered":"https:\/\/lowine.site-en-dev.com\/contact\/"},"modified":"2026-02-23T16:49:20","modified_gmt":"2026-02-23T15:49:20","slug":"contact","status":"publish","type":"page","link":"https:\/\/lowine.fr\/en\/contact\/","title":{"rendered":"Contact"},"content":{"rendered":"<div class=\"one-half first\">\n<h3>Contact Us<\/h3>\n<p>Open Monday to Friday from 9:00 a.m. to 6:00 p.m.<\/p>\n<p>&nbsp;<\/p>\n<p><a style=\"color: #000000; font-weight: bold !important;\" href=\"tel:+33616920738\">+33 (0) 6 16 92 07 38<\/a><\/p>\n<p>For any questions, you can also<\/p>\n<p><a href=\"https:\/\/lowine.fr\/en\/faq\/\">Consult our FAQ<\/a><\/p>\n<\/div>\n<div class=\"one-half\">\n<div class=\"wpcf7 no-js\" id=\"wpcf7-f26673-o1\" lang=\"en-US\" dir=\"ltr\" data-wpcf7-id=\"26673\">\n<div class=\"screen-reader-response\"><p role=\"status\" aria-live=\"polite\" aria-atomic=\"true\"><\/p> <ul><\/ul><\/div>\n<form action=\"\/en\/wp-json\/wp\/v2\/pages\/29813#wpcf7-f26673-o1\" method=\"post\" class=\"wpcf7-form init\" aria-label=\"Contact form\" novalidate=\"novalidate\" data-status=\"init\">\n<fieldset class=\"hidden-fields-container\"><input type=\"hidden\" name=\"_wpcf7\" value=\"26673\" \/><input type=\"hidden\" name=\"_wpcf7_version\" value=\"6.1.5\" \/><input type=\"hidden\" name=\"_wpcf7_locale\" value=\"en_US\" \/><input type=\"hidden\" name=\"_wpcf7_unit_tag\" value=\"wpcf7-f26673-o1\" \/><input type=\"hidden\" name=\"_wpcf7_container_post\" value=\"0\" \/><input type=\"hidden\" name=\"_wpcf7_posted_data_hash\" value=\"\" \/>\n<\/fieldset>\n<div id=\"responsive-form\" class=\"clearfix\">\n\t<div class=\"form-row\">\n\t\t<div class=\"column-half\">\n\t\t\t<p>Name\/FirstName* <span class=\"wpcf7-form-control-wrap\" data-name=\"your-name\"><input size=\"40\" maxlength=\"400\" class=\"wpcf7-form-control wpcf7-text wpcf7-validates-as-required\" aria-required=\"true\" aria-invalid=\"false\" placeholder=\"Name\/FirstName*\" value=\"\" type=\"text\" name=\"your-name\" \/><\/span>\n\t\t\t<\/p>\n\t\t<\/div>\n\t\t<div class=\"column-half\">\n\t\t\t<p>Company <span class=\"wpcf7-form-control-wrap\" data-name=\"your-company\"><input size=\"40\" maxlength=\"400\" class=\"wpcf7-form-control wpcf7-text\" aria-invalid=\"false\" placeholder=\"Company\" value=\"\" type=\"text\" name=\"your-company\" \/><\/span>\n\t\t\t<\/p>\n\t\t<\/div>\n\t<\/div>\n\t<div class=\"form-row\">\n\t\t<div class=\"column-full\">\n\t\t\t<p>E-mail* <span class=\"wpcf7-form-control-wrap\" data-name=\"your-email\"><input size=\"40\" maxlength=\"400\" class=\"wpcf7-form-control wpcf7-email wpcf7-validates-as-required wpcf7-text wpcf7-validates-as-email\" aria-required=\"true\" aria-invalid=\"false\" placeholder=\"E-mail*\" value=\"\" type=\"email\" name=\"your-email\" \/><\/span>\n\t\t\t<\/p>\n\t\t<\/div>\n\t<\/div>\n\t<div class=\"form-row\">\n\t\t<div class=\"column-full\">\n\t\t\t<p>Phone* <span class=\"wpcf7-form-control-wrap\" data-name=\"your-tel\"><input size=\"40\" maxlength=\"400\" class=\"wpcf7-form-control wpcf7-text wpcf7-validates-as-required\" aria-required=\"true\" aria-invalid=\"false\" placeholder=\"Phone*\" value=\"\" type=\"text\" name=\"your-tel\" \/><\/span>\n\t\t\t<\/p>\n\t\t<\/div>\n\t<\/div>\n\t<div class=\"form-row\">\n\t\t<div class=\"column-full message\">\n\t\t\t<p>Message* <span class=\"wpcf7-form-control-wrap\" data-name=\"your-message\"><textarea cols=\"40\" rows=\"5\" maxlength=\"2000\" class=\"wpcf7-form-control wpcf7-textarea wpcf7-validates-as-required\" aria-required=\"true\" aria-invalid=\"false\" placeholder=\"Message*\" name=\"your-message\"><\/textarea><\/span>\n\t\t\t<\/p>\n\t\t<\/div>\n\t<\/div>\n\t<div class=\"form-row\">\n\t\t<div class=\"column-full legend\">\n\t\t\t<p>* Mandatory fields\n\t\t\t<\/p>\n\t\t<\/div>\n\t<\/div>\n<!--div class=\"form-row rgpd-row\">\n<div class=\"column-full\"><span class=\"wpcf7-form-control-wrap\" data-name=\"checkbox-rgpd\"><span class=\"wpcf7-form-control wpcf7-checkbox wpcf7-validates-as-required\"><span class=\"wpcf7-list-item first last\"><label><input type=\"checkbox\" name=\"checkbox-rgpd[]\" value=\"I accept the\" \/><span class=\"wpcf7-list-item-label\">I accept the<\/span><\/label><\/span><\/span><\/span><a style=\"color: #000000; font-weight: bold !important; text-decoration: underline;\" href='\/privacy-policy' target='_blank'> Privacy Policy*<\/a><\/div>\n<\/div-->\n\t<div class=\"form-row newsletter-row\">\n\t\t<div class=\"column-full\">\n\t\t\t<p><span class=\"wpcf7-form-control-wrap\" data-name=\"checkbox-news\"><span class=\"wpcf7-form-control wpcf7-checkbox\"><span class=\"wpcf7-list-item first last\"><label><input type=\"checkbox\" name=\"checkbox-news[]\" value=\"I want to subscribe to the newsletter\" \/><span class=\"wpcf7-list-item-label\">I want to subscribe to the newsletter<\/span><\/label><\/span><\/span><\/span>\n\t\t\t<\/p>\n\t\t<\/div>\n\t<\/div>\n\t<div class=\"form-row submit-row\">\n\t\t<div class=\"column-full\">\n\t\t\t<p><input class=\"wpcf7-form-control wpcf7-submit has-spinner\" type=\"submit\" value=\"Send\" \/>\n\t\t\t<\/p>\n\t\t<\/div>\n\t<\/div>\n<\/div><!--end responsive-form--><p style=\"display: none !important;\" class=\"akismet-fields-container\" data-prefix=\"_wpcf7_ak_\"><label>&#916;<textarea name=\"_wpcf7_ak_hp_textarea\" cols=\"45\" rows=\"8\" maxlength=\"100\"><\/textarea><\/label><input type=\"hidden\" id=\"ak_js_1\" name=\"_wpcf7_ak_js\" value=\"207\"\/><script>document.getElementById( \"ak_js_1\" ).setAttribute( \"value\", ( new Date() ).getTime() );<\/script><\/p><div class=\"wpcf7-response-output\" aria-hidden=\"true\"><\/div>\n<\/form>\n<\/div>\n<\/div>\n","protected":false},"excerpt":{"rendered":"<p>Contact Us Open Monday to Friday from 9:00 a.m. to 6:00 p.m. &nbsp; +33 (0) 6 16 92 07 38 For any questions, you can also Consult our FAQ<\/p>\n","protected":false},"author":4,"featured_media":0,"parent":0,"menu_order":0,"comment_status":"closed","ping_status":"closed","template":"","meta":{"_acf_changed":false,"_genesis_hide_title":false,"_genesis_hide_breadcrumbs":false,"_genesis_hide_singular_image":false,"_genesis_hide_footer_widgets":false,"_genesis_custom_body_class":"","_genesis_custom_post_class":"","_genesis_layout":"","footnotes":""},"class_list":{"0":"post-29813","1":"page","2":"type-page","3":"status-publish","5":"entry","6":"has-post-thumbnail"},"acf":[],"yoast_head":"<!-- This site is optimized with the Yoast SEO plugin v27.2 - https:\/\/yoast.com\/product\/yoast-seo-wordpress\/ -->\n<title>Des r\u00e9ponses de qualit\u00e9 \u00e0 toutes vos questions sur l\u2019\u0153nologie.<\/title>\n<meta name=\"description\" content=\"Une question sur le vin ? Venez consulter notre foire aux questions. Et si vous n\u2019avez toujours pas vos r\u00e9ponses, venez directement nous contacter. Nous vous r\u00e9pondrons dans les plus bref d\u00e9lais.\" \/>\n<meta name=\"robots\" content=\"index, follow, max-snippet:-1, max-image-preview:large, max-video-preview:-1\" \/>\n<link rel=\"canonical\" href=\"https:\/\/lowine.fr\/en\/contact\/\" \/>\n<meta property=\"og:locale\" content=\"en_US\" \/>\n<meta property=\"og:type\" content=\"article\" \/>\n<meta property=\"og:title\" content=\"Des r\u00e9ponses de qualit\u00e9 \u00e0 toutes vos questions sur l\u2019\u0153nologie.\" \/>\n<meta property=\"og:description\" content=\"Une question sur le vin ? Venez consulter notre foire aux questions. Et si vous n\u2019avez toujours pas vos r\u00e9ponses, venez directement nous contacter. Nous vous r\u00e9pondrons dans les plus bref d\u00e9lais.\" \/>\n<meta property=\"og:url\" content=\"https:\/\/lowine.fr\/en\/contact\/\" \/>\n<meta property=\"og:site_name\" content=\"Lowine\" \/>\n<meta property=\"article:modified_time\" content=\"2026-02-23T15:49:20+00:00\" \/>\n<meta name=\"twitter:card\" content=\"summary_large_image\" \/>\n<meta name=\"twitter:label1\" content=\"Est. reading time\" \/>\n\t<meta name=\"twitter:data1\" content=\"1 minute\" \/>\n<script type=\"application\/ld+json\" class=\"yoast-schema-graph\">{\"@context\":\"https:\/\/schema.org\",\"@graph\":[{\"@type\":\"WebPage\",\"@id\":\"https:\/\/lowine.fr\/en\/contact\/\",\"url\":\"https:\/\/lowine.fr\/en\/contact\/\",\"name\":\"Des r\u00e9ponses de qualit\u00e9 \u00e0 toutes vos questions sur l\u2019\u0153nologie.\",\"isPartOf\":{\"@id\":\"https:\/\/lowine.fr\/en\/#website\"},\"datePublished\":\"2021-10-04T07:44:20+00:00\",\"dateModified\":\"2026-02-23T15:49:20+00:00\",\"description\":\"Une question sur le vin ? Venez consulter notre foire aux questions. Et si vous n\u2019avez toujours pas vos r\u00e9ponses, venez directement nous contacter. Nous vous r\u00e9pondrons dans les plus bref d\u00e9lais.\",\"breadcrumb\":{\"@id\":\"https:\/\/lowine.fr\/en\/contact\/#breadcrumb\"},\"inLanguage\":\"en-US\",\"potentialAction\":[{\"@type\":\"ReadAction\",\"target\":[\"https:\/\/lowine.fr\/en\/contact\/\"]}]},{\"@type\":\"BreadcrumbList\",\"@id\":\"https:\/\/lowine.fr\/en\/contact\/#breadcrumb\",\"itemListElement\":[{\"@type\":\"ListItem\",\"position\":1,\"name\":\"Accueil\",\"item\":\"https:\/\/lowine.fr\/en\/\"},{\"@type\":\"ListItem\",\"position\":2,\"name\":\"Contact\"}]},{\"@type\":\"WebSite\",\"@id\":\"https:\/\/lowine.fr\/en\/#website\",\"url\":\"https:\/\/lowine.fr\/en\/\",\"name\":\"Lowine\",\"description\":\"Oenotourisme : des ateliers cr\u00e9atifs et cadeaux originaux\",\"publisher\":{\"@id\":\"https:\/\/lowine.fr\/en\/#organization\"},\"potentialAction\":[{\"@type\":\"SearchAction\",\"target\":{\"@type\":\"EntryPoint\",\"urlTemplate\":\"https:\/\/lowine.fr\/en\/?s={search_term_string}\"},\"query-input\":{\"@type\":\"PropertyValueSpecification\",\"valueRequired\":true,\"valueName\":\"search_term_string\"}}],\"inLanguage\":\"en-US\"},{\"@type\":\"Organization\",\"@id\":\"https:\/\/lowine.fr\/en\/#organization\",\"name\":\"Lowine\",\"url\":\"https:\/\/lowine.fr\/en\/\",\"logo\":{\"@type\":\"ImageObject\",\"inLanguage\":\"en-US\",\"@id\":\"https:\/\/lowine.fr\/en\/#\/schema\/logo\/image\/\",\"url\":\"https:\/\/lowine.fr\/wp-content\/uploads\/2021\/09\/logo_lowine_white.svg\",\"contentUrl\":\"https:\/\/lowine.fr\/wp-content\/uploads\/2021\/09\/logo_lowine_white.svg\",\"width\":102,\"height\":99,\"caption\":\"Lowine\"},\"image\":{\"@id\":\"https:\/\/lowine.fr\/en\/#\/schema\/logo\/image\/\"}}]}<\/script>\n<!-- \/ Yoast SEO plugin. -->","yoast_head_json":{"title":"Des r\u00e9ponses de qualit\u00e9 \u00e0 toutes vos questions sur l\u2019\u0153nologie.","description":"Une question sur le vin ? Venez consulter notre foire aux questions. Et si vous n\u2019avez toujours pas vos r\u00e9ponses, venez directement nous contacter. Nous vous r\u00e9pondrons dans les plus bref d\u00e9lais.","robots":{"index":"index","follow":"follow","max-snippet":"max-snippet:-1","max-image-preview":"max-image-preview:large","max-video-preview":"max-video-preview:-1"},"canonical":"https:\/\/lowine.fr\/en\/contact\/","og_locale":"en_US","og_type":"article","og_title":"Des r\u00e9ponses de qualit\u00e9 \u00e0 toutes vos questions sur l\u2019\u0153nologie.","og_description":"Une question sur le vin ? Venez consulter notre foire aux questions. Et si vous n\u2019avez toujours pas vos r\u00e9ponses, venez directement nous contacter. Nous vous r\u00e9pondrons dans les plus bref d\u00e9lais.","og_url":"https:\/\/lowine.fr\/en\/contact\/","og_site_name":"Lowine","article_modified_time":"2026-02-23T15:49:20+00:00","twitter_card":"summary_large_image","twitter_misc":{"Est. reading time":"1 minute"},"schema":{"@context":"https:\/\/schema.org","@graph":[{"@type":"WebPage","@id":"https:\/\/lowine.fr\/en\/contact\/","url":"https:\/\/lowine.fr\/en\/contact\/","name":"Des r\u00e9ponses de qualit\u00e9 \u00e0 toutes vos questions sur l\u2019\u0153nologie.","isPartOf":{"@id":"https:\/\/lowine.fr\/en\/#website"},"datePublished":"2021-10-04T07:44:20+00:00","dateModified":"2026-02-23T15:49:20+00:00","description":"Une question sur le vin ? Venez consulter notre foire aux questions. Et si vous n\u2019avez toujours pas vos r\u00e9ponses, venez directement nous contacter. Nous vous r\u00e9pondrons dans les plus bref d\u00e9lais.","breadcrumb":{"@id":"https:\/\/lowine.fr\/en\/contact\/#breadcrumb"},"inLanguage":"en-US","potentialAction":[{"@type":"ReadAction","target":["https:\/\/lowine.fr\/en\/contact\/"]}]},{"@type":"BreadcrumbList","@id":"https:\/\/lowine.fr\/en\/contact\/#breadcrumb","itemListElement":[{"@type":"ListItem","position":1,"name":"Accueil","item":"https:\/\/lowine.fr\/en\/"},{"@type":"ListItem","position":2,"name":"Contact"}]},{"@type":"WebSite","@id":"https:\/\/lowine.fr\/en\/#website","url":"https:\/\/lowine.fr\/en\/","name":"Lowine","description":"Oenotourisme : des ateliers cr\u00e9atifs et cadeaux originaux","publisher":{"@id":"https:\/\/lowine.fr\/en\/#organization"},"potentialAction":[{"@type":"SearchAction","target":{"@type":"EntryPoint","urlTemplate":"https:\/\/lowine.fr\/en\/?s={search_term_string}"},"query-input":{"@type":"PropertyValueSpecification","valueRequired":true,"valueName":"search_term_string"}}],"inLanguage":"en-US"},{"@type":"Organization","@id":"https:\/\/lowine.fr\/en\/#organization","name":"Lowine","url":"https:\/\/lowine.fr\/en\/","logo":{"@type":"ImageObject","inLanguage":"en-US","@id":"https:\/\/lowine.fr\/en\/#\/schema\/logo\/image\/","url":"https:\/\/lowine.fr\/wp-content\/uploads\/2021\/09\/logo_lowine_white.svg","contentUrl":"https:\/\/lowine.fr\/wp-content\/uploads\/2021\/09\/logo_lowine_white.svg","width":102,"height":99,"caption":"Lowine"},"image":{"@id":"https:\/\/lowine.fr\/en\/#\/schema\/logo\/image\/"}}]}},"_links":{"self":[{"href":"https:\/\/lowine.fr\/en\/wp-json\/wp\/v2\/pages\/29813","targetHints":{"allow":["GET"]}}],"collection":[{"href":"https:\/\/lowine.fr\/en\/wp-json\/wp\/v2\/pages"}],"about":[{"href":"https:\/\/lowine.fr\/en\/wp-json\/wp\/v2\/types\/page"}],"author":[{"embeddable":true,"href":"https:\/\/lowine.fr\/en\/wp-json\/wp\/v2\/users\/4"}],"replies":[{"embeddable":true,"href":"https:\/\/lowine.fr\/en\/wp-json\/wp\/v2\/comments?post=29813"}],"version-history":[{"count":2,"href":"https:\/\/lowine.fr\/en\/wp-json\/wp\/v2\/pages\/29813\/revisions"}],"predecessor-version":[{"id":33000,"href":"https:\/\/lowine.fr\/en\/wp-json\/wp\/v2\/pages\/29813\/revisions\/33000"}],"wp:attachment":[{"href":"https:\/\/lowine.fr\/en\/wp-json\/wp\/v2\/media?parent=29813"}],"curies":[{"name":"wp","href":"https:\/\/api.w.org\/{rel}","templated":true}]}}